{"id":296,"date":"2026-02-10T10:09:44","date_gmt":"2026-02-10T01:09:44","guid":{"rendered":"https:\/\/www.nihondecoded.com\/br\/?page_id=296"},"modified":"2026-02-10T10:09:44","modified_gmt":"2026-02-10T01:09:44","slug":"contato","status":"publish","type":"page","link":"https:\/\/www.nihondecoded.com\/br\/contato\/","title":{"rendered":"Contato"},"content":{"rendered":"\n<p>Se voc\u00ea tiver d\u00favidas, sugest\u00f5es ou precisar entrar em contato conosco, envie um e-mail para:<\/p>\n\n\n\n<p>contact@nihondecoded.com<\/p>\n\n\n\n<p>Responderemos o mais breve poss\u00edvel.<\/p>\n","protected":false},"excerpt":{"rendered":"<p>Se voc\u00ea tiver d\u00favidas, sugest\u00f5es ou precisar entrar em contato conosco, envie um e-mail para: contact@nihondec [&hellip;]<\/p>\n","protected":false},"author":1,"featured_media":0,"parent":0,"menu_order":0,"comment_status":"closed","ping_status":"closed","template":"","meta":{"footnotes":""},"class_list":["post-296","page","type-page","status-publish"],"_links":{"self":[{"href":"https:\/\/www.nihondecoded.com\/br\/wp-json\/wp\/v2\/pages\/296","targetHints":{"allow":["GET"]}}],"collection":[{"href":"https:\/\/www.nihondecoded.com\/br\/wp-json\/wp\/v2\/pages"}],"about":[{"href":"https:\/\/www.nihondecoded.com\/br\/wp-json\/wp\/v2\/types\/page"}],"author":[{"embeddable":true,"href":"https:\/\/www.nihondecoded.com\/br\/wp-json\/wp\/v2\/users\/1"}],"replies":[{"embeddable":true,"href":"https:\/\/www.nihondecoded.com\/br\/wp-json\/wp\/v2\/comments?post=296"}],"version-history":[{"count":1,"href":"https:\/\/www.nihondecoded.com\/br\/wp-json\/wp\/v2\/pages\/296\/revisions"}],"predecessor-version":[{"id":297,"href":"https:\/\/www.nihondecoded.com\/br\/wp-json\/wp\/v2\/pages\/296\/revisions\/297"}],"wp:attachment":[{"href":"https:\/\/www.nihondecoded.com\/br\/wp-json\/wp\/v2\/media?parent=296"}],"curies":[{"name":"wp","href":"https:\/\/api.w.org\/{rel}","templated":true}]}}